{"id":6343,"date":"2025-01-10T07:17:10","date_gmt":"2025-01-10T07:17:10","guid":{"rendered":"urn:uuid:cb61f868-f319-49bb-94b9-1850e5136970"},"modified":"2025-09-25T10:51:05","modified_gmt":"2025-09-25T02:51:05","slug":"capital-management","status":"publish","type":"page","link":"https:\/\/www.mapletree.com.sg\/vn\/capital-management\/","title":{"rendered":"Capital Management &#8211; Real Estate Investment Trusts"},"content":{"rendered":"\n<section class=\"wp-block-create-block-main-banner banner-section\"><div class=\"\"><div class=\"banner-content\"><picture class=\"banner-background\"><source srcset=\"https:\/\/www.mapletree.com.sg\/tachyon\/2025\/02\/Capital-Management-2.png\" media=\"(min-width: 1471px)\"\/><source srcset=\"https:\/\/www.mapletree.com.sg\/tachyon\/2025\/02\/CM-mobile-1.png\" media=\"(max-width: 959px)\"\/><img decoding=\"async\" src=\"https:\/\/www.mapletree.com.sg\/tachyon\/2025\/02\/hero-4.png\"\/><\/picture><div class=\"banner-content-container\"><div class=\"banner-text\"><h2>Qu\u1ea3n l\u00fd v\u1ed1n<\/h2><\/div><\/div><\/div><\/div><\/section>\n\n\n\n<div class=\"wp-block-group mt-oval-left-block mt-cm-oval has-global-padding is-layout-constrained wp-container-core-group-is-layout-40b1accf wp-block-group-is-layout-constrained\" style=\"padding-top:50px;padding-bottom:50px\">\n<div class=\"wp-block-columns is-layout-flex wp-container-core-columns-is-layout-28f84493 wp-block-columns-is-layout-flex\">\n<div class=\"wp-block-column is-vertically-aligned-center is-layout-flow wp-block-column-is-layout-flow\" style=\"flex-basis:60%\">\n<div class=\"wp-block-group has-global-padding is-content-justification-left is-layout-constrained wp-container-core-group-is-layout-17dd1b49 wp-block-group-is-layout-constrained\">\n<div class=\"wp-block-group is-nowrap is-layout-flex wp-container-core-group-is-layout-6c531013 wp-block-group-is-layout-flex\">\n<figure class=\"wp-block-image size-large is-resized has-custom-border\"><img loading=\"lazy\" decoding=\"async\" width=\"757\" height=\"347\" src=\"https:\/\/www.mapletree.com.sg\/tachyon\/2025\/02\/capital-management-small-2.png\" alt=\"\" class=\"wp-image-20004\" style=\"border-radius:170px;object-fit:cover;width:757px;height:347px\" srcset=\"https:\/\/www.mapletree.com.sg\/tachyon\/sites\/17\/2025\/02\/capital-management-small-2.png?resize=757%2C347&amp;zoom=1 757w, https:\/\/www.mapletree.com.sg\/tachyon\/sites\/17\/2025\/02\/capital-management-small-2.png?resize=757%2C347&amp;zoom=0.5 379w, https:\/\/www.mapletree.com.sg\/tachyon\/sites\/17\/2025\/02\/capital-management-small-2.png?resize=757%2C347&amp;zoom=0.25 189w\" sizes=\"auto, (max-width: 757px) 100vw, 757px\" \/><\/figure>\n<\/div>\n<\/div>\n<\/div>\n\n\n\n<div class=\"wp-block-column is-layout-flow wp-block-column-is-layout-flow\" style=\"padding-right:100px;flex-basis:40%\">\n<div class=\"wp-block-group is-vertical is-layout-flex wp-container-core-group-is-layout-0f952e5e wp-block-group-is-layout-flex\" style=\"padding-top:20px;padding-bottom:20px\">\n<p style=\"font-size:24px\"><strong>Th\u00e0nh t\u00edch c\u1ee7a ch\u00fang t\u00f4i<\/strong><\/p>\n\n\n\n<p>Ho\u1ea1t \u0111\u1ed9ng qu\u1ea3n l\u00fd v\u1ed1n b\u1ea5t \u0111\u1ed9ng s\u1ea3n c\u1ee7a Mapletree t\u1eadp trung v\u00e0o vi\u1ec7c qu\u1ea3n l\u00fd c\u00e1c qu\u1ef9 t\u00edn th\u00e1c \u0111\u1ea7u t\u01b0 b\u1ea5t \u0111\u1ed9ng s\u1ea3n (REIT) ni\u00eam y\u1ebft c\u00f4ng khai v\u00e0 c\u00e1c qu\u1ef9 \u0111\u1ea7u t\u01b0 b\u1ea5t \u0111\u1ed9ng s\u1ea3n t\u01b0 nh\u00e2n. T\u1eadp \u0111o\u00e0n cung c\u1ea5p m\u1ed9t danh m\u1ee5c s\u1ea3n ph\u1ea9m \u0111\u1ea7u t\u01b0 \u0111a d\u1ea1ng, nh\u1eb1m \u0111\u00e1p \u1ee9ng nhu c\u1ea7u v\u00e0 h\u1ed3 s\u01a1 r\u1ee7i ro kh\u00e1c nhau c\u1ee7a c\u1ea3 nh\u00e0 \u0111\u1ea7u t\u01b0 t\u1ed5 ch\u1ee9c l\u1eabn c\u00e1 nh\u00e2n. Hi\u1ec7n t\u1ea1i, Mapletree \u0111ang qu\u1ea3n l\u00fd ba REIT ni\u00eam y\u1ebft t\u1ea1i Singapore v\u00e0 ch\u00edn qu\u1ef9 \u0111\u1ea7u t\u01b0 b\u1ea5t \u0111\u1ed9ng s\u1ea3n t\u01b0 nh\u00e2n.<\/p>\n<\/div>\n<\/div>\n<\/div>\n<\/div>\n\n\n\n<div class=\"wp-block-group mt-cm-content has-global-padding is-layout-constrained wp-container-core-group-is-layout-f54cbfcf wp-block-group-is-layout-constrained\" style=\"padding-top:0px\">\n<div style=\"background-color:transparent\" class=\"wp-block-create-block-custom-tabs\"><div><div class=\" tabs-container clickr-tabs-container top rounded\" data-key=\"34627491565b\"><div class=\"tabs-nav-wrap\"><div class=\"tabs-nav center\"><div class=\"clickr-tabs-dropdown\"><button class=\"clickr-tabs-dropdown-toggle\"><span>Qu\u1ef9 t\u00edn th\u00e1c \u0111\u1ea7u t\u01b0 b\u1ea5t \u0111\u1ed9ng s\u1ea3n<\/span><svg width=\"12\" height=\"7\" viewBox=\"0 0 12 7\" fill=\"none\" xmlns=\"http:\/\/www.w3.org\/2000\/svg\"><path opacity=\"0.8\" d=\"M1 1L6 6L11 1\" stroke=\"#C5C7AF\" stroke-width=\"1.4\" stroke-linecap=\"round\" stroke-linejoin=\"round\"><\/path><\/svg><\/button><div class=\"clickr-tabs-dropdown-content\"><ul><li class=\"tab active-dropdown-item\"><button type=\"button\" data-tab-key=\"0\" data-link=\"\"><span class=\"text-preview\">Qu\u1ef9 t\u00edn th\u00e1c \u0111\u1ea7u t\u01b0 b\u1ea5t \u0111\u1ed9ng s\u1ea3n<\/span><\/button><\/li><li class=\"tab \"><button type=\"button\" data-tab-key=\"1\" data-link=\"\/vn\/capital-management-private-real-estate-funds\/\"><span class=\"text-preview\">Qu\u1ef9 \u0111\u1ea7u t\u01b0 b\u1ea5t \u0111\u1ed9ng s\u1ea3n t\u01b0 nh\u00e2n<\/span><\/button><\/li><\/ul><\/div><\/div><ul class=\"tabs clickr-tabs default\" data-key=\"nav-34627491565b\"><li class=\"tab active\"><button type=\"button\" data-tab-key=\"0\" data-link=\"\"><span class=\"text-preview\">Qu\u1ef9 t\u00edn th\u00e1c \u0111\u1ea7u t\u01b0 b\u1ea5t \u0111\u1ed9ng s\u1ea3n<\/span><\/button><\/li><li class=\"tab \"><button type=\"button\" data-tab-key=\"1\" data-link=\"\/vn\/capital-management-private-real-estate-funds\/\"><span class=\"text-preview\">Qu\u1ef9 \u0111\u1ea7u t\u01b0 b\u1ea5t \u0111\u1ed9ng s\u1ea3n t\u01b0 nh\u00e2n<\/span><\/button><\/li><\/ul><span id=\"highlight-34627491565b\" class=\"rounded-tabs-highlight\"><\/span><\/div><\/div><div class=\"tab-contents clickr-tab-contents\" data-key=\"contents-34627491565b\">\n<div class=\"wp-block-create-block-tab custom-tab-items tab-content visible\">\n<div class=\"wp-block-group mt-tablet-padding mt-mobile-padding has-global-padding is-layout-constrained wp-container-core-group-is-layout-4bc54592 wp-block-group-is-layout-constrained\" style=\"padding-right:100px;padding-left:100px\">\n<div class=\"wp-block-group is-vertical is-content-justification-left is-layout-flex wp-container-core-group-is-layout-a2f3cc2c wp-block-group-is-layout-flex\" style=\"padding-top:40px\">\n<p class=\"mt-md-f-32 has-text-color has-link-color wp-elements-97f21706c3e7e30055e190f00638071f\" style=\"color:#1e1e1e;font-size:38px\"><strong>Qu\u1ef9 t\u00edn th\u00e1c \u0111\u1ea7u t\u01b0 b\u1ea5t \u0111\u1ed9ng s\u1ea3n<\/strong><\/p>\n\n\n\n<p class=\"has-text-color has-link-color wp-elements-7ba4c70380c986cb147333a81bea5091\" style=\"color:#000000cc;font-size:16px\">N\u1ec1n t\u1ea3ng qu\u1ea3n l\u00fd v\u1ed1n c\u00f4ng khai c\u1ee7a Mapletree bao g\u1ed3m c\u00e1c REIT \u0111\u01b0\u1ee3c ni\u00eam y\u1ebft tr\u00ean S\u1edf Giao d\u1ecbch Ch\u1ee9ng kho\u00e1n Singapore.<\/p>\n\n\n\n<div class=\"wp-block-group has-global-padding is-layout-constrained wp-container-core-group-is-layout-670234b8 wp-block-group-is-layout-constrained\" style=\"padding-top:0px;padding-right:0px;padding-left:0px\">\n<div class=\"wp-block-create-block-custom-list custom-list-items\"><div class=\"custom-list-items\" style=\"--columns:3\">\n<div class=\"wp-block-create-block-custom-card card-container mt--f-open-in-new-tab\"><div class=\"card-box square content-visible\" style=\"--round-corners:20px;--icon-card-background:#E7E8DEFF\"><div class=\"card-image\"><img decoding=\"async\" src=\"https:\/\/www.mapletree.com.sg\/tachyon\/2025\/02\/MLT-REITs.png\"\/><\/div><div class=\"card-contents square\" style=\"--round-corners:20px;--serialized-background:transparent;--highlight-color:inherit\"><a href=\"https:\/\/www.mapletreelogisticstrust.com\/\" class=\"card-square-action-link\" style=\"text-decoration:none\"><div class=\"card-texts\"><div class=\"card-title\"><h5 style=\"--card-text-color:#fff\">Mapletree Logistics Trust  (MLT)<\/h5><\/div><\/div><div class=\"card-action\"><a href=\"https:\/\/www.mapletreelogisticstrust.com\/\" class=\"square-button \"><svg width=\"42\" height=\"43\" viewBox=\"0 0 42 43\" fill=\"none\" xmlns=\"http:\/\/www.w3.org\/2000\/svg\"><path d=\"M41 21.6428C41 32.6885 32.0457 41.6428 21 41.6428C9.95431 41.6428 1 32.6885 1 21.6428C1 10.5971 9.95431 1.64282 21 1.64282C32.0457 1.64282 41 10.5971 41 21.6428Z\" fill=\"#E9821D\" stroke=\"#E9821D\" stroke-width=\"2\" stroke-linecap=\"round\" stroke-linejoin=\"round\"><\/path><path d=\"M21 27.7625L27.1196 21.6428L21 15.5232\" fill=\"#E9821D\"><\/path><path d=\"M21 27.7625L27.1196 21.6428L21 15.5232\" stroke=\"white\" stroke-width=\"2\" stroke-linecap=\"round\" stroke-linejoin=\"round\"><\/path><path d=\"M14.8799 21.6431H27.1192H14.8799Z\" fill=\"#E9821D\"><\/path><path d=\"M14.8799 21.6431H27.1192\" stroke=\"white\" stroke-width=\"2\" stroke-linecap=\"round\" stroke-linejoin=\"round\"><\/path><\/svg><\/a><\/div><\/a><\/div><\/div><\/div>\n\n\n\n<div class=\"wp-block-create-block-custom-card card-container mt--f-open-in-new-tab\"><div class=\"card-box square content-visible\" style=\"--round-corners:20px;--icon-card-background:#E7E8DEFF\"><div class=\"card-image\"><img decoding=\"async\" src=\"https:\/\/www.mapletree.com.sg\/tachyon\/2025\/02\/MIT-REITs.png\"\/><\/div><div class=\"card-contents square\" style=\"--round-corners:20px;--serialized-background:transparent;--highlight-color:inherit\"><a href=\"https:\/\/www.mapletreeindustrialtrust.com\/\" class=\"card-square-action-link\" style=\"text-decoration:none\"><div class=\"card-texts\"><div class=\"card-title\"><h5 style=\"--card-text-color:#fff\">Mapletree Industrial Trust (MIT)<\/h5><\/div><\/div><div class=\"card-action\"><a href=\"https:\/\/www.mapletreeindustrialtrust.com\/\" class=\"square-button \"><svg width=\"42\" height=\"43\" viewBox=\"0 0 42 43\" fill=\"none\" xmlns=\"http:\/\/www.w3.org\/2000\/svg\"><path d=\"M41 21.6428C41 32.6885 32.0457 41.6428 21 41.6428C9.95431 41.6428 1 32.6885 1 21.6428C1 10.5971 9.95431 1.64282 21 1.64282C32.0457 1.64282 41 10.5971 41 21.6428Z\" fill=\"#E9821D\" stroke=\"#E9821D\" stroke-width=\"2\" stroke-linecap=\"round\" stroke-linejoin=\"round\"><\/path><path d=\"M21 27.7625L27.1196 21.6428L21 15.5232\" fill=\"#E9821D\"><\/path><path d=\"M21 27.7625L27.1196 21.6428L21 15.5232\" stroke=\"white\" stroke-width=\"2\" stroke-linecap=\"round\" stroke-linejoin=\"round\"><\/path><path d=\"M14.8799 21.6431H27.1192H14.8799Z\" fill=\"#E9821D\"><\/path><path d=\"M14.8799 21.6431H27.1192\" stroke=\"white\" stroke-width=\"2\" stroke-linecap=\"round\" stroke-linejoin=\"round\"><\/path><\/svg><\/a><\/div><\/a><\/div><\/div><\/div>\n\n\n\n<div class=\"wp-block-create-block-custom-card card-container mt--f-open-in-new-tab\"><div class=\"card-box square content-visible\" style=\"--round-corners:20px;--icon-card-background:#E7E8DEFF\"><div class=\"card-image\"><img decoding=\"async\" src=\"https:\/\/www.mapletree.com.sg\/tachyon\/2025\/02\/capital-management-1-3-scaled-1.png\"\/><\/div><div class=\"card-contents square\" style=\"--round-corners:20px;--serialized-background:transparent;--highlight-color:inherit\"><a href=\"https:\/\/www.mapletreepact.com\/\" class=\"card-square-action-link\" style=\"text-decoration:none\"><div class=\"card-texts\"><div class=\"card-title\"><h5 style=\"--card-text-color:#fff\">Mapletree Pan Asia Commercial Trust  (MPACT)<\/h5><\/div><\/div><div class=\"card-action\"><a href=\"https:\/\/www.mapletreepact.com\/\" class=\"square-button \"><svg width=\"42\" height=\"43\" viewBox=\"0 0 42 43\" fill=\"none\" xmlns=\"http:\/\/www.w3.org\/2000\/svg\"><path d=\"M41 21.6428C41 32.6885 32.0457 41.6428 21 41.6428C9.95431 41.6428 1 32.6885 1 21.6428C1 10.5971 9.95431 1.64282 21 1.64282C32.0457 1.64282 41 10.5971 41 21.6428Z\" fill=\"#E9821D\" stroke=\"#E9821D\" stroke-width=\"2\" stroke-linecap=\"round\" stroke-linejoin=\"round\"><\/path><path d=\"M21 27.7625L27.1196 21.6428L21 15.5232\" fill=\"#E9821D\"><\/path><path d=\"M21 27.7625L27.1196 21.6428L21 15.5232\" stroke=\"white\" stroke-width=\"2\" stroke-linecap=\"round\" stroke-linejoin=\"round\"><\/path><path d=\"M14.8799 21.6431H27.1192H14.8799Z\" fill=\"#E9821D\"><\/path><path d=\"M14.8799 21.6431H27.1192\" stroke=\"white\" stroke-width=\"2\" stroke-linecap=\"round\" stroke-linejoin=\"round\"><\/path><\/svg><\/a><\/div><\/a><\/div><\/div><\/div>\n <\/div><\/div>\n<\/div>\n<\/div>\n<\/div>\n<\/div>\n\n\n\n<div class=\"wp-block-create-block-tab custom-tab-items tab-content\">\n<div class=\"wp-block-group mt-tablet-padding mt-mobile-padding has-global-padding is-layout-constrained wp-container-core-group-is-layout-4bc54592 wp-block-group-is-layout-constrained\" style=\"padding-right:100px;padding-left:100px\"><\/div>\n<\/div>\n<\/div><\/div><\/div><\/div>\n<\/div>\n","protected":false},"excerpt":{"rendered":"<p>Th\u00e0nh t\u00edch c\u1ee7a ch\u00fang t\u00f4i Ho\u1ea1t \u0111\u1ed9ng qu\u1ea3n l\u00fd v\u1ed1n b\u1ea5t \u0111\u1ed9ng s\u1ea3n c\u1ee7a Mapletree t\u1eadp trung v\u00e0o vi\u1ec7c qu\u1ea3n l\u00fd c\u00e1c qu\u1ef9 t\u00edn th\u00e1c \u0111\u1ea7u t\u01b0 b\u1ea5t \u0111\u1ed9ng s\u1ea3n (REIT) ni\u00eam y\u1ebft c\u00f4ng khai v\u00e0 c\u00e1c qu\u1ef9 \u0111\u1ea7u t\u01b0 b\u1ea5t \u0111\u1ed9ng s\u1ea3n t\u01b0 nh\u00e2n. T\u1eadp \u0111o\u00e0n cung c\u1ea5p m\u1ed9t danh m\u1ee5c s\u1ea3n ph\u1ea9m \u0111\u1ea7u [&hellip;]<\/p>\n","protected":false},"author":12,"featured_media":0,"parent":0,"menu_order":0,"comment_status":"closed","ping_status":"closed","template":"","meta":{"_acf_changed":false,"_trash_the_other_posts":false,"ep_exclude_from_search":false,"editor_notices":[],"footnotes":""},"class_list":["post-6343","page","type-page","status-publish","hentry"],"pp_statuses_selecting_workflow":false,"pp_workflow_action":"current","pp_status_selection":"publish","acf":[],"mb":[],"yoast_head":"<!-- This site is optimized with the Yoast SEO plugin v27.0 - https:\/\/yoast.com\/product\/yoast-seo-wordpress\/ -->\n<title>Capital Management - Real Estate Investment Trusts - MIPL Vietnam<\/title>\n<meta name=\"robots\" content=\"index, follow, max-snippet:-1, max-image-preview:large, max-video-preview:-1\" \/>\n<link rel=\"canonical\" href=\"https:\/\/www.mapletree.com.sg\/vn\/capital-management\/\" \/>\n<meta property=\"og:locale\" content=\"en_US\" \/>\n<meta property=\"og:type\" content=\"article\" \/>\n<meta property=\"og:title\" content=\"Capital Management - Real Estate Investment Trusts - MIPL Vietnam\" \/>\n<meta property=\"og:description\" content=\"Th\u00e0nh t\u00edch c\u1ee7a ch\u00fang t\u00f4i Ho\u1ea1t \u0111\u1ed9ng qu\u1ea3n l\u00fd v\u1ed1n b\u1ea5t \u0111\u1ed9ng s\u1ea3n c\u1ee7a Mapletree t\u1eadp trung v\u00e0o vi\u1ec7c qu\u1ea3n l\u00fd c\u00e1c qu\u1ef9 t\u00edn th\u00e1c \u0111\u1ea7u t\u01b0 b\u1ea5t \u0111\u1ed9ng s\u1ea3n (REIT) ni\u00eam y\u1ebft c\u00f4ng khai v\u00e0 c\u00e1c qu\u1ef9 \u0111\u1ea7u t\u01b0 b\u1ea5t \u0111\u1ed9ng s\u1ea3n t\u01b0 nh\u00e2n. T\u1eadp \u0111o\u00e0n cung c\u1ea5p m\u1ed9t danh m\u1ee5c s\u1ea3n ph\u1ea9m \u0111\u1ea7u [&hellip;]\" \/>\n<meta property=\"og:url\" content=\"https:\/\/www.mapletree.com.sg\/vn\/capital-management\/\" \/>\n<meta property=\"og:site_name\" content=\"MIPL Vietnam\" \/>\n<meta property=\"article:modified_time\" content=\"2025-09-25T02:51:05+00:00\" \/>\n<meta property=\"og:image\" content=\"https:\/\/www.mapletree.com.sg\/tachyon\/2025\/02\/hero-4.png\" \/>\n<meta name=\"twitter:card\" content=\"summary_large_image\" \/>\n<meta name=\"twitter:label1\" content=\"Est. reading time\" \/>\n\t<meta name=\"twitter:data1\" content=\"2 minutes\" \/>\n<script type=\"application\/ld+json\" class=\"yoast-schema-graph\">{\"@context\":\"https:\/\/schema.org\",\"@graph\":[{\"@type\":\"WebPage\",\"@id\":\"https:\/\/www.mapletree.com.sg\/vn\/capital-management\/\",\"url\":\"https:\/\/www.mapletree.com.sg\/vn\/capital-management\/\",\"name\":\"Capital Management - Real Estate Investment Trusts - MIPL Vietnam\",\"isPartOf\":{\"@id\":\"https:\/\/mapletree-stag.altis.cloud\/vn\/#website\"},\"primaryImageOfPage\":{\"@id\":\"https:\/\/www.mapletree.com.sg\/vn\/capital-management\/#primaryimage\"},\"image\":{\"@id\":\"https:\/\/www.mapletree.com.sg\/vn\/capital-management\/#primaryimage\"},\"thumbnailUrl\":\"https:\/\/www.mapletree.com.sg\/tachyon\/2025\/02\/hero-4.png\",\"datePublished\":\"2025-01-10T07:17:10+00:00\",\"dateModified\":\"2025-09-25T02:51:05+00:00\",\"breadcrumb\":{\"@id\":\"https:\/\/www.mapletree.com.sg\/vn\/capital-management\/#breadcrumb\"},\"inLanguage\":\"en-US\",\"potentialAction\":[{\"@type\":\"ReadAction\",\"target\":[\"https:\/\/www.mapletree.com.sg\/vn\/capital-management\/\"]}]},{\"@type\":\"ImageObject\",\"inLanguage\":\"en-US\",\"@id\":\"https:\/\/www.mapletree.com.sg\/vn\/capital-management\/#primaryimage\",\"url\":\"https:\/\/www.mapletree.com.sg\/tachyon\/2025\/02\/hero-4.png\",\"contentUrl\":\"https:\/\/www.mapletree.com.sg\/tachyon\/2025\/02\/hero-4.png\"},{\"@type\":\"BreadcrumbList\",\"@id\":\"https:\/\/www.mapletree.com.sg\/vn\/capital-management\/#breadcrumb\",\"itemListElement\":[{\"@type\":\"ListItem\",\"position\":1,\"name\":\"Home\",\"item\":\"https:\/\/www.mapletree.com.sg\/vn\/\"},{\"@type\":\"ListItem\",\"position\":2,\"name\":\"Capital Management &#8211; Real Estate Investment Trusts\"}]},{\"@type\":\"WebSite\",\"@id\":\"https:\/\/mapletree-stag.altis.cloud\/vn\/#website\",\"url\":\"https:\/\/mapletree-stag.altis.cloud\/vn\/\",\"name\":\"MIPL Vietnam\",\"description\":\"\",\"potentialAction\":[{\"@type\":\"SearchAction\",\"target\":{\"@type\":\"EntryPoint\",\"urlTemplate\":\"https:\/\/mapletree-stag.altis.cloud\/vn\/?s={search_term_string}\"},\"query-input\":{\"@type\":\"PropertyValueSpecification\",\"valueRequired\":true,\"valueName\":\"search_term_string\"}}],\"inLanguage\":\"en-US\"}]}<\/script>\n<!-- \/ Yoast SEO plugin. -->","yoast_head_json":{"title":"Capital Management - Real Estate Investment Trusts - MIPL Vietnam","robots":{"index":"index","follow":"follow","max-snippet":"max-snippet:-1","max-image-preview":"max-image-preview:large","max-video-preview":"max-video-preview:-1"},"canonical":"https:\/\/www.mapletree.com.sg\/vn\/capital-management\/","og_locale":"en_US","og_type":"article","og_title":"Capital Management - Real Estate Investment Trusts - MIPL Vietnam","og_description":"Th\u00e0nh t\u00edch c\u1ee7a ch\u00fang t\u00f4i Ho\u1ea1t \u0111\u1ed9ng qu\u1ea3n l\u00fd v\u1ed1n b\u1ea5t \u0111\u1ed9ng s\u1ea3n c\u1ee7a Mapletree t\u1eadp trung v\u00e0o vi\u1ec7c qu\u1ea3n l\u00fd c\u00e1c qu\u1ef9 t\u00edn th\u00e1c \u0111\u1ea7u t\u01b0 b\u1ea5t \u0111\u1ed9ng s\u1ea3n (REIT) ni\u00eam y\u1ebft c\u00f4ng khai v\u00e0 c\u00e1c qu\u1ef9 \u0111\u1ea7u t\u01b0 b\u1ea5t \u0111\u1ed9ng s\u1ea3n t\u01b0 nh\u00e2n. T\u1eadp \u0111o\u00e0n cung c\u1ea5p m\u1ed9t danh m\u1ee5c s\u1ea3n ph\u1ea9m \u0111\u1ea7u [&hellip;]","og_url":"https:\/\/www.mapletree.com.sg\/vn\/capital-management\/","og_site_name":"MIPL Vietnam","article_modified_time":"2025-09-25T02:51:05+00:00","og_image":[{"url":"https:\/\/www.mapletree.com.sg\/tachyon\/2025\/02\/hero-4.png","type":"","width":"","height":""}],"twitter_card":"summary_large_image","twitter_misc":{"Est. reading time":"2 minutes"},"schema":{"@context":"https:\/\/schema.org","@graph":[{"@type":"WebPage","@id":"https:\/\/www.mapletree.com.sg\/vn\/capital-management\/","url":"https:\/\/www.mapletree.com.sg\/vn\/capital-management\/","name":"Capital Management - Real Estate Investment Trusts - MIPL Vietnam","isPartOf":{"@id":"https:\/\/mapletree-stag.altis.cloud\/vn\/#website"},"primaryImageOfPage":{"@id":"https:\/\/www.mapletree.com.sg\/vn\/capital-management\/#primaryimage"},"image":{"@id":"https:\/\/www.mapletree.com.sg\/vn\/capital-management\/#primaryimage"},"thumbnailUrl":"https:\/\/www.mapletree.com.sg\/tachyon\/2025\/02\/hero-4.png","datePublished":"2025-01-10T07:17:10+00:00","dateModified":"2025-09-25T02:51:05+00:00","breadcrumb":{"@id":"https:\/\/www.mapletree.com.sg\/vn\/capital-management\/#breadcrumb"},"inLanguage":"en-US","potentialAction":[{"@type":"ReadAction","target":["https:\/\/www.mapletree.com.sg\/vn\/capital-management\/"]}]},{"@type":"ImageObject","inLanguage":"en-US","@id":"https:\/\/www.mapletree.com.sg\/vn\/capital-management\/#primaryimage","url":"https:\/\/www.mapletree.com.sg\/tachyon\/2025\/02\/hero-4.png","contentUrl":"https:\/\/www.mapletree.com.sg\/tachyon\/2025\/02\/hero-4.png"},{"@type":"BreadcrumbList","@id":"https:\/\/www.mapletree.com.sg\/vn\/capital-management\/#breadcrumb","itemListElement":[{"@type":"ListItem","position":1,"name":"Home","item":"https:\/\/www.mapletree.com.sg\/vn\/"},{"@type":"ListItem","position":2,"name":"Capital Management &#8211; Real Estate Investment Trusts"}]},{"@type":"WebSite","@id":"https:\/\/mapletree-stag.altis.cloud\/vn\/#website","url":"https:\/\/mapletree-stag.altis.cloud\/vn\/","name":"MIPL Vietnam","description":"","potentialAction":[{"@type":"SearchAction","target":{"@type":"EntryPoint","urlTemplate":"https:\/\/mapletree-stag.altis.cloud\/vn\/?s={search_term_string}"},"query-input":{"@type":"PropertyValueSpecification","valueRequired":true,"valueName":"search_term_string"}}],"inLanguage":"en-US"}]}},"mfb_rest_fields":["title","pp_statuses_selecting_workflow","pp_workflow_action","pp_status_selection","yoast_head","yoast_head_json"],"_links":{"self":[{"href":"https:\/\/www.mapletree.com.sg\/vn\/wp-json\/wp\/v2\/pages\/6343","targetHints":{"allow":["GET"]}}],"collection":[{"href":"https:\/\/www.mapletree.com.sg\/vn\/wp-json\/wp\/v2\/pages"}],"about":[{"href":"https:\/\/www.mapletree.com.sg\/vn\/wp-json\/wp\/v2\/types\/page"}],"author":[{"embeddable":true,"href":"https:\/\/www.mapletree.com.sg\/vn\/wp-json\/wp\/v2\/users\/12"}],"replies":[{"embeddable":true,"href":"https:\/\/www.mapletree.com.sg\/vn\/wp-json\/wp\/v2\/comments?post=6343"}],"version-history":[{"count":134,"href":"https:\/\/www.mapletree.com.sg\/vn\/wp-json\/wp\/v2\/pages\/6343\/revisions"}],"predecessor-version":[{"id":25195,"href":"https:\/\/www.mapletree.com.sg\/vn\/wp-json\/wp\/v2\/pages\/6343\/revisions\/25195"}],"wp:attachment":[{"href":"https:\/\/www.mapletree.com.sg\/vn\/wp-json\/wp\/v2\/media?parent=6343"}],"curies":[{"name":"wp","href":"https:\/\/api.w.org\/{rel}","templated":true}]}}