{"id":6299,"date":"2025-01-10T05:11:20","date_gmt":"2025-01-10T05:11:20","guid":{"rendered":"urn:uuid:7c3c7648-1de9-4a15-b5d4-5a31b2b1f4bc"},"modified":"2025-08-04T15:12:31","modified_gmt":"2025-08-04T07:12:31","slug":"our-leadership","status":"publish","type":"page","link":"https:\/\/www.mapletree.com.sg\/vn\/our-leadership\/","title":{"rendered":"Leadership"},"content":{"rendered":"\n<section class=\"wp-block-create-block-main-banner banner-section\"><div class=\"\"><div class=\"banner-content\"><picture class=\"banner-background\"><source srcset=\"https:\/\/www.mapletree.com.sg\/tachyon\/2025\/02\/Leadership-hero-1.png\" media=\"(min-width: 1471px)\" \/><source srcset=\"https:\/\/www.mapletree.com.sg\/tachyon\/2025\/02\/leadership-m.png\" media=\"(max-width: 959px)\" \/><img decoding=\"async\" src=\"https:\/\/www.mapletree.com.sg\/tachyon\/2025\/02\/hero-25.png\" \/><\/picture><div class=\"banner-content-container\"><div class=\"banner-text\"><h2>Ban l\u00e3nh \u0111\u1ea1o<\/h2><\/div><\/div><\/div><\/div><\/section>\n\n\n\n<div class=\"wp-block-group has-global-padding is-layout-constrained wp-container-core-group-is-layout-ead25c00 wp-block-group-is-layout-constrained\" style=\"padding-top:50px;padding-bottom:0px\">\n<div style=\"background-color:transparent\" class=\"wp-block-create-block-custom-tabs alignfull\"><div><div class=\" tabs-container clickr-tabs-container top rounded\" data-key=\"6f6ab303712b\"><div class=\"tabs-nav-wrap\"><div class=\"tabs-nav center\"><div class=\"clickr-tabs-dropdown\"><button class=\"clickr-tabs-dropdown-toggle\"><span>H\u1ed9i \u0111\u1ed3ng qu\u1ea3n tr\u1ecb<\/span><svg width=\"12\" height=\"7\" viewBox=\"0 0 12 7\" fill=\"none\" xmlns=\"http:\/\/www.w3.org\/2000\/svg\"><path opacity=\"0.8\" d=\"M1 1L6 6L11 1\" stroke=\"#C5C7AF\" stroke-width=\"1.4\" stroke-linecap=\"round\" stroke-linejoin=\"round\"><\/path><\/svg><\/button><div class=\"clickr-tabs-dropdown-content\"><ul><li class=\"tab active-dropdown-item\"><button type=\"button\" data-tab-key=\"0\" data-link=\"\"><span class=\"text-preview\">H\u1ed9i \u0111\u1ed3ng qu\u1ea3n tr\u1ecb<\/span><\/button><\/li><li class=\"tab \"><button type=\"button\" data-tab-key=\"1\" data-link=\"\"><span class=\"text-preview\">Ban \u0111i\u1ec1u h\u00e0nh c\u1ea5p cao c\u1ee7a T\u1eadp \u0111o\u00e0n<\/span><\/button><\/li><\/ul><\/div><\/div><ul class=\"tabs clickr-tabs default\" data-key=\"nav-6f6ab303712b\"><li class=\"tab active\"><button type=\"button\" data-tab-key=\"0\" data-link=\"\"><span class=\"text-preview\">H\u1ed9i \u0111\u1ed3ng qu\u1ea3n tr\u1ecb<\/span><\/button><\/li><li class=\"tab \"><button type=\"button\" data-tab-key=\"1\" data-link=\"\"><span class=\"text-preview\">Ban \u0111i\u1ec1u h\u00e0nh c\u1ea5p cao c\u1ee7a T\u1eadp \u0111o\u00e0n<\/span><\/button><\/li><\/ul><span id=\"highlight-6f6ab303712b\" class=\"rounded-tabs-highlight\"><\/span><\/div><\/div><div class=\"tab-contents clickr-tab-contents\" data-key=\"contents-6f6ab303712b\">\n<div class=\"wp-block-create-block-tab custom-tab-items tab-content visible\">\n<div class=\"wp-block-group is-vertical is-content-justification-center is-layout-flex wp-container-core-group-is-layout-ce155fab wp-block-group-is-layout-flex\">\n<div class=\"wp-block-group mt-remove-hpadding-960 uk-visible@s has-global-padding is-layout-constrained wp-container-core-group-is-layout-b9370f83 wp-block-group-is-layout-constrained\" style=\"padding-top:20px;padding-right:30px;padding-bottom:20px;padding-left:30px\">\n<div class=\"wp-block-group is-content-justification-center is-nowrap is-layout-flex wp-container-core-group-is-layout-23441af8 wp-block-group-is-layout-flex\">\n<div class=\"wp-block-group rounded-banner mt-padding-h-30 has-global-padding is-layout-constrained wp-container-core-group-is-layout-f7976eb1 wp-block-group-is-layout-constrained\" style=\"border-style:none;border-width:0px;border-radius:100px;margin-top:0;margin-bottom:0;padding-top:0;padding-right:0;padding-bottom:0;padding-left:0\">\n<figure class=\"wp-block-image size-full has-custom-border\"><img loading=\"lazy\" decoding=\"async\" width=\"2560\" height=\"916\" src=\"https:\/\/www.mapletree.com.sg\/tachyon\/2025\/02\/ea7efacfb72bbc1fb0d15a2bbc56ac0e-3-4-scaled.jpeg\" alt=\"\" class=\"wp-image-13876\" style=\"border-radius:71px;object-fit:cover\" srcset=\"https:\/\/www.mapletree.com.sg\/tachyon\/sites\/17\/2025\/02\/ea7efacfb72bbc1fb0d15a2bbc56ac0e-3-4-scaled.jpeg?resize=2560%2C916&amp;zoom=1 2560w, https:\/\/www.mapletree.com.sg\/tachyon\/sites\/17\/2025\/02\/ea7efacfb72bbc1fb0d15a2bbc56ac0e-3-4-scaled.jpeg?resize=2560%2C916&amp;zoom=0.5 1280w, https:\/\/www.mapletree.com.sg\/tachyon\/sites\/17\/2025\/02\/ea7efacfb72bbc1fb0d15a2bbc56ac0e-3-4-scaled.jpeg?resize=2560%2C916&amp;zoom=0.25 640w\" sizes=\"auto, (max-width: 2560px) 100vw, 2560px\" \/><\/figure>\n<\/div>\n<\/div>\n<\/div>\n\n\n\n<div class=\"wp-block-group has-global-padding is-layout-constrained wp-container-core-group-is-layout-307d5a8e wp-block-group-is-layout-constrained\">\n<div class=\"wp-block-create-block-leadership-block\"><div class=\"leadership-content\" data-category-name=\"board-of-directors\" data-category-item=\"Board of Directors\" data-first-person-count=\"1\"><\/div><div class=\"leadership-slider-mobile\" style=\"max-width:100vw\"><div class=\"swiper leadership-mobile-slider\" id=\"leadership-mobile-slider\"><div class=\"swiper-wrapper\"><\/div><\/div><\/div><\/div>\n<\/div>\n\n\n\n<div class=\"wp-block-group mt-full-width has-global-padding is-layout-constrained wp-container-core-group-is-layout-861c32fe wp-block-group-is-layout-constrained\">\n<div class=\"wp-block-group alignfull has-background has-global-padding is-layout-constrained wp-container-core-group-is-layout-a6b2d039 wp-block-group-is-layout-constrained\" style=\"background-color:#e7e8de80;padding-right:0px;padding-left:0px\">\n<div class=\"wp-block-group has-global-padding is-layout-constrained wp-container-core-group-is-layout-05cc6041 wp-block-group-is-layout-constrained\" style=\"padding-right:100px;padding-left:100px\">\n<div class=\"wp-block-group alignfull mt-default-mobile-paddings is-vertical is-layout-flex wp-container-core-group-is-layout-a907f0ad wp-block-group-is-layout-flex\" style=\"padding-top:70px;padding-right:100px;padding-bottom:70px;padding-left:100px\">\n<p class=\"mt-md-f-32\" style=\"font-size:38px\"><strong>C\u01a1 c\u1ea5u c\u00e1c ban<\/strong><\/p>\n\n\n\n<div class=\"wp-block-group mt-full-width has-global-padding is-layout-constrained wp-container-core-group-is-layout-db9edeb8 wp-block-group-is-layout-constrained\">\n<div class=\"wp-block-group mt-committees-main-grid is-layout-grid wp-container-core-group-is-layout-6f9e8fdb wp-block-group-is-layout-grid\">\n<div class=\"wp-block-group mt-full-width mt-committees-blocks is-vertical is-layout-flex wp-container-core-group-is-layout-df551eae wp-block-group-is-layout-flex\" style=\"padding-right:50px\">\n<p style=\"font-size:24px\">Ki\u1ec3m to\u00e1n v\u00e0 Qu\u1ea3n l\u00fd R\u1ee7i ro<\/p>\n\n\n\n<hr class=\"wp-block-separator has-text-color has-alpha-channel-opacity has-background mt-full-width\" style=\"background-color:#3333334d;color:#3333334d\"\/>\n\n\n\n<div class=\"wp-block-group mt-full-width mt-committees-content-grid is-layout-grid wp-container-core-group-is-layout-0b388eb3 wp-block-group-is-layout-grid\">\n<div class=\"wp-block-group wp-container-content-9f5fc85a has-global-padding is-layout-constrained wp-block-group-is-layout-constrained\">\n<div class=\"wp-block-group is-layout-grid wp-container-core-group-is-layout-0164ea54 wp-block-group-is-layout-grid\">\n<div class=\"wp-block-group is-vertical is-layout-flex wp-container-core-group-is-layout-98bb686d wp-block-group-is-layout-flex\">\n<p style=\"font-size:16px\">Mr Cheah Kim Teck<\/p>\n\n\n\n<p class=\"has-text-color has-link-color wp-elements-92008109726cb5b1055c56436d5eee76\" style=\"color:#33333380\">Ch\u1ee7 t\u1ecbch<\/p>\n<\/div>\n<\/div>\n<\/div>\n\n\n\n<div class=\"wp-block-group wp-container-content-9f5fc85a has-global-padding is-layout-constrained wp-block-group-is-layout-constrained\">\n<div class=\"wp-block-group is-layout-grid wp-container-core-group-is-layout-0164ea54 wp-block-group-is-layout-grid\">\n<div class=\"wp-block-group is-vertical is-layout-flex wp-container-core-group-is-layout-98bb686d wp-block-group-is-layout-flex\">\n<p style=\"font-size:16px\">Ms Elaine Teo<\/p>\n\n\n\n<p class=\"has-text-color has-link-color wp-elements-6bbdf865eb62f30915d146cb5f332e11\" style=\"color:#33333380\">Th\u00e0nh vi\u00ean<\/p>\n<\/div>\n\n\n\n<div class=\"wp-block-group is-vertical is-layout-flex wp-container-core-group-is-layout-98bb686d wp-block-group-is-layout-flex\">\n<p style=\"font-size:16px\">Mr Ng Keng Hooi<\/p>\n\n\n\n<p class=\"has-text-color has-link-color wp-elements-6bbdf865eb62f30915d146cb5f332e11\" style=\"color:#33333380\">Th\u00e0nh vi\u00ean<\/p>\n<\/div>\n<\/div>\n<\/div>\n<\/div>\n<\/div>\n\n\n\n<div class=\"wp-block-group mt-full-width mt-committees-blocks is-vertical is-layout-flex wp-container-core-group-is-layout-1963ee31 wp-block-group-is-layout-flex\" style=\"padding-left:50px\">\n<p style=\"font-size:24px\">Ngu\u1ed3n l\u1ef1c C\u1ea5p cao v\u00e0 Ti\u1ec1n l\u01b0\u01a1ng<\/p>\n\n\n\n<hr class=\"wp-block-separator has-text-color has-alpha-channel-opacity has-background mt-full-width\" style=\"background-color:#3333334d;color:#3333334d\"\/>\n\n\n\n<div class=\"wp-block-group mt-full-width mt-committees-content-grid is-layout-grid wp-container-core-group-is-layout-0b388eb3 wp-block-group-is-layout-grid\">\n<div class=\"wp-block-group wp-container-content-9f5fc85a has-global-padding is-layout-constrained wp-block-group-is-layout-constrained\">\n<div class=\"wp-block-group is-layout-grid wp-container-core-group-is-layout-0164ea54 wp-block-group-is-layout-grid\">\n<div class=\"wp-block-group is-vertical is-layout-flex wp-container-core-group-is-layout-98bb686d wp-block-group-is-layout-flex\">\n<p style=\"font-size:16px\">Mr Edmund Cheng<\/p>\n\n\n\n<p class=\"has-text-color has-link-color wp-elements-92008109726cb5b1055c56436d5eee76\" style=\"color:#33333380\">Ch\u1ee7 t\u1ecbch<\/p>\n<\/div>\n<\/div>\n<\/div>\n\n\n\n<div class=\"wp-block-group wp-container-content-9f5fc85a has-global-padding is-layout-constrained wp-block-group-is-layout-constrained\">\n<div class=\"wp-block-group is-layout-grid wp-container-core-group-is-layout-0164ea54 wp-block-group-is-layout-grid\">\n<div class=\"wp-block-group is-vertical is-layout-flex wp-container-core-group-is-layout-98bb686d wp-block-group-is-layout-flex\">\n<p style=\"font-size:16px\">Mr Lee Chong Kwee<\/p>\n\n\n\n<p class=\"has-text-color has-link-color wp-elements-6bbdf865eb62f30915d146cb5f332e11\" style=\"color:#33333380\">Th\u00e0nh vi\u00ean<\/p>\n<\/div>\n\n\n\n<div class=\"wp-block-group is-vertical is-layout-flex wp-container-core-group-is-layout-b891a41b wp-block-group-is-layout-flex\" style=\"margin-top:0;margin-bottom:0\">\n<p style=\"font-size:16px\">Ms Cheo Hock Kuan<\/p>\n\n\n\n<p class=\"has-text-color has-link-color wp-elements-6bbdf865eb62f30915d146cb5f332e11\" style=\"color:#33333380\">Th\u00e0nh vi\u00ean<\/p>\n<\/div>\n\n\n\n<div class=\"wp-block-group is-vertical is-layout-flex wp-container-core-group-is-layout-b891a41b wp-block-group-is-layout-flex\" style=\"margin-top:0;margin-bottom:0\">\n<p style=\"font-size:16px\">Ms Chan Wai Ching<\/p>\n\n\n\n<p class=\"has-text-color has-link-color wp-elements-7278f4127ab2907cd85a4354c62882f2\" style=\"color:#33333380\">Th\u00e0nh vi\u00ean \u0111\u01b0\u1ee3c b\u1ed5 nhi\u1ec7m<\/p>\n<\/div>\n<\/div>\n<\/div>\n<\/div>\n<\/div>\n\n\n\n<div class=\"wp-block-group mt-full-width mt-committees-blocks is-vertical is-layout-flex wp-container-core-group-is-layout-696ab434 wp-block-group-is-layout-flex\" style=\"margin-top:80px;padding-right:50px\">\n<p style=\"font-size:24px\">\u0110\u1ea7u t\u01b0<\/p>\n\n\n\n<hr class=\"wp-block-separator has-text-color has-alpha-channel-opacity has-background mt-full-width\" style=\"background-color:#3333334d;color:#3333334d\"\/>\n\n\n\n<div class=\"wp-block-group mt-full-width mt-committees-content-grid is-layout-grid wp-container-core-group-is-layout-0b388eb3 wp-block-group-is-layout-grid\">\n<div class=\"wp-block-group wp-container-content-9f5fc85a has-global-padding is-layout-constrained wp-block-group-is-layout-constrained\">\n<div class=\"wp-block-group is-layout-grid wp-container-core-group-is-layout-0164ea54 wp-block-group-is-layout-grid\">\n<div class=\"wp-block-group is-vertical is-layout-flex wp-container-core-group-is-layout-98bb686d wp-block-group-is-layout-flex\">\n<p style=\"font-size:16px\">Mr Edmund Cheng<\/p>\n\n\n\n<p class=\"has-text-color has-link-color wp-elements-92008109726cb5b1055c56436d5eee76\" style=\"color:#33333380\">Ch\u1ee7 t\u1ecbch<\/p>\n<\/div>\n<\/div>\n<\/div>\n\n\n\n<div class=\"wp-block-group wp-container-content-9f5fc85a has-global-padding is-layout-constrained wp-block-group-is-layout-constrained\">\n<div class=\"wp-block-group is-layout-grid wp-container-core-group-is-layout-0164ea54 wp-block-group-is-layout-grid\">\n<div class=\"wp-block-group is-vertical is-layout-flex wp-container-core-group-is-layout-98bb686d wp-block-group-is-layout-flex\">\n<p style=\"font-size:16px\">Mr David Ryan<\/p>\n\n\n\n<p class=\"has-text-color has-link-color wp-elements-6bbdf865eb62f30915d146cb5f332e11\" style=\"color:#33333380\">Th\u00e0nh vi\u00ean<\/p>\n<\/div>\n\n\n\n<div class=\"wp-block-group is-vertical is-layout-flex wp-container-core-group-is-layout-98bb686d wp-block-group-is-layout-flex\">\n<p style=\"font-size:16px\">Mr Lim Hng Kiang<\/p>\n\n\n\n<p class=\"has-text-color has-link-color wp-elements-6bbdf865eb62f30915d146cb5f332e11\" style=\"color:#33333380\">Th\u00e0nh vi\u00ean<\/p>\n<\/div>\n\n\n\n<div class=\"wp-block-group wp-container-content-ba4cca9f is-vertical is-layout-flex wp-container-core-group-is-layout-98bb686d wp-block-group-is-layout-flex\">\n<p style=\"font-size:16px\">Mr Samuel Tsien<\/p>\n\n\n\n<p class=\"has-text-color has-link-color wp-elements-6bbdf865eb62f30915d146cb5f332e11\" style=\"color:#33333380\">Th\u00e0nh vi\u00ean<\/p>\n<\/div>\n\n\n\n<div class=\"wp-block-group wp-container-content-ba4cca9f is-vertical is-layout-flex wp-container-core-group-is-layout-98bb686d wp-block-group-is-layout-flex\">\n<p style=\"font-size:16px\">Mr Hiew Yoon Khong<\/p>\n\n\n\n<p class=\"has-text-color has-link-color wp-elements-2b60774d4806797cff1eeb54ec8d1d6b\" style=\"color:#33333380\">T\u1ed5ng gi\u00e1m \u0111\u1ed1c \u0111i\u1ec1u h\u00e0nh t\u1eadp \u0111o\u00e0n v\u00e0 th\u00e0nh vi\u00ean \u0111\u01b0\u01a1ng nhi\u00ean<\/p>\n<\/div>\n\n\n\n<div class=\"wp-block-group is-vertical is-layout-flex wp-container-core-group-is-layout-98bb686d wp-block-group-is-layout-flex\">\n<p style=\"font-size:16px\">Ms Wendy Koh<\/p>\n\n\n\n<p class=\"has-text-color has-link-color wp-elements-f8aed2d1835bda0d6a66317dcb93e2bf\" style=\"color:#33333380\">Gi\u00e1m \u0111\u1ed1c t\u00e0i ch\u00ednh c\u1ee7a T\u1eadp \u0111o\u00e0n v\u00e0 th\u00e0nh vi\u00ean \u0111\u01b0\u01a1ng nhi\u00ean<\/p>\n<\/div>\n<\/div>\n<\/div>\n<\/div>\n<\/div>\n\n\n\n<div class=\"wp-block-group mt-full-width mt-committees-blocks is-vertical is-layout-flex wp-container-core-group-is-layout-ac4e3a74 wp-block-group-is-layout-flex\" style=\"margin-top:80px;padding-left:50px\">\n<p style=\"font-size:24px\">X\u00e9t duy\u1ec7t Giao d\u1ecbch<\/p>\n\n\n\n<hr class=\"wp-block-separator has-text-color has-alpha-channel-opacity has-background mt-full-width\" style=\"background-color:#3333334d;color:#3333334d\"\/>\n\n\n\n<div class=\"wp-block-group mt-full-width mt-committees-content-grid is-layout-grid wp-container-core-group-is-layout-0b388eb3 wp-block-group-is-layout-grid\">\n<div class=\"wp-block-group wp-container-content-9f5fc85a has-global-padding is-layout-constrained wp-block-group-is-layout-constrained\">\n<div class=\"wp-block-group is-layout-grid wp-container-core-group-is-layout-0164ea54 wp-block-group-is-layout-grid\">\n<div class=\"wp-block-group is-vertical is-layout-flex wp-container-core-group-is-layout-98bb686d wp-block-group-is-layout-flex\">\n<p style=\"font-size:16px\">Mr Lee Chong Kwee<\/p>\n\n\n\n<p class=\"has-text-color has-link-color wp-elements-92008109726cb5b1055c56436d5eee76\" style=\"color:#33333380\">Ch\u1ee7 t\u1ecbch<\/p>\n<\/div>\n<\/div>\n<\/div>\n\n\n\n<div class=\"wp-block-group wp-container-content-9f5fc85a has-global-padding is-layout-constrained wp-block-group-is-layout-constrained\">\n<div class=\"wp-block-group is-layout-grid wp-container-core-group-is-layout-0164ea54 wp-block-group-is-layout-grid\">\n<div class=\"wp-block-group is-vertical is-layout-flex wp-container-core-group-is-layout-98bb686d wp-block-group-is-layout-flex\">\n<p style=\"font-size:16px\">Ms Elaine Teo<\/p>\n\n\n\n<p class=\"has-text-color has-link-color wp-elements-6bbdf865eb62f30915d146cb5f332e11\" style=\"color:#33333380\">Th\u00e0nh vi\u00ean<\/p>\n<\/div>\n\n\n\n<div class=\"wp-block-group is-vertical is-layout-flex wp-container-core-group-is-layout-98bb686d wp-block-group-is-layout-flex\">\n<p style=\"font-size:16px\">Mr Ng Keng Hooi<\/p>\n\n\n\n<p class=\"has-text-color has-link-color wp-elements-6bbdf865eb62f30915d146cb5f332e11\" style=\"color:#33333380\">Th\u00e0nh vi\u00ean<\/p>\n<\/div>\n<\/div>\n<\/div>\n<\/div>\n<\/div>\n<\/div>\n<\/div>\n<\/div>\n<\/div>\n<\/div>\n<\/div>\n<\/div>\n<\/div>\n\n\n\n<div class=\"wp-block-create-block-tab custom-tab-items tab-content\">\n<div class=\"wp-block-group is-vertical is-content-justification-center is-layout-flex wp-container-core-group-is-layout-ce155fab wp-block-group-is-layout-flex\">\n<div class=\"wp-block-group has-global-padding is-layout-constrained wp-container-core-group-is-layout-748d7379 wp-block-group-is-layout-constrained\" style=\"padding-top:20px;padding-bottom:20px\">\n<div class=\"wp-block-create-block-leadership-block\"><div class=\"leadership-content\" data-category-name=\"group-senior-management\" data-category-item=\"Group Senior Management\" data-first-person-count=\"0\"><\/div><div class=\"leadership-slider-mobile\" style=\"max-width:100vw\"><div class=\"swiper leadership-mobile-slider\" id=\"leadership-mobile-slider\"><div class=\"swiper-wrapper\"><\/div><\/div><\/div><\/div>\n<\/div>\n<\/div>\n<\/div>\n<\/div><\/div><\/div><\/div>\n<\/div>\n","protected":false},"excerpt":{"rendered":"","protected":false},"author":12,"featured_media":0,"parent":0,"menu_order":0,"comment_status":"closed","ping_status":"closed","template":"","meta":{"_acf_changed":false,"_trash_the_other_posts":false,"ep_exclude_from_search":false,"editor_notices":[],"footnotes":""},"class_list":["post-6299","page","type-page","status-publish","hentry"],"pp_statuses_selecting_workflow":false,"pp_workflow_action":"current","pp_status_selection":"publish","acf":[],"mb":[],"yoast_head":"<!-- This site is optimized with the Yoast SEO plugin v27.0 - https:\/\/yoast.com\/product\/yoast-seo-wordpress\/ -->\n<title>Leadership - MIPL Vietnam<\/title>\n<meta name=\"robots\" content=\"index, follow, max-snippet:-1, max-image-preview:large, max-video-preview:-1\" \/>\n<link rel=\"canonical\" href=\"https:\/\/www.mapletree.com.sg\/vn\/our-leadership\/\" \/>\n<meta property=\"og:locale\" content=\"en_US\" \/>\n<meta property=\"og:type\" content=\"article\" \/>\n<meta property=\"og:title\" content=\"Leadership - MIPL Vietnam\" \/>\n<meta property=\"og:url\" content=\"https:\/\/www.mapletree.com.sg\/vn\/our-leadership\/\" \/>\n<meta property=\"og:site_name\" content=\"MIPL Vietnam\" \/>\n<meta property=\"article:modified_time\" content=\"2025-08-04T07:12:31+00:00\" \/>\n<meta property=\"og:image\" content=\"https:\/\/www.mapletree.com.sg\/tachyon\/2025\/02\/hero-25.png\" \/>\n<meta name=\"twitter:card\" content=\"summary_large_image\" \/>\n<meta name=\"twitter:label1\" content=\"Est. reading time\" \/>\n\t<meta name=\"twitter:data1\" content=\"1 minute\" \/>\n<script type=\"application\/ld+json\" class=\"yoast-schema-graph\">{\"@context\":\"https:\/\/schema.org\",\"@graph\":[{\"@type\":\"WebPage\",\"@id\":\"https:\/\/www.mapletree.com.sg\/vn\/our-leadership\/\",\"url\":\"https:\/\/www.mapletree.com.sg\/vn\/our-leadership\/\",\"name\":\"Leadership - MIPL Vietnam\",\"isPartOf\":{\"@id\":\"https:\/\/mapletree-stag.altis.cloud\/vn\/#website\"},\"primaryImageOfPage\":{\"@id\":\"https:\/\/www.mapletree.com.sg\/vn\/our-leadership\/#primaryimage\"},\"image\":{\"@id\":\"https:\/\/www.mapletree.com.sg\/vn\/our-leadership\/#primaryimage\"},\"thumbnailUrl\":\"https:\/\/www.mapletree.com.sg\/tachyon\/2025\/02\/hero-25.png\",\"datePublished\":\"2025-01-10T05:11:20+00:00\",\"dateModified\":\"2025-08-04T07:12:31+00:00\",\"breadcrumb\":{\"@id\":\"https:\/\/www.mapletree.com.sg\/vn\/our-leadership\/#breadcrumb\"},\"inLanguage\":\"en-US\",\"potentialAction\":[{\"@type\":\"ReadAction\",\"target\":[\"https:\/\/www.mapletree.com.sg\/vn\/our-leadership\/\"]}]},{\"@type\":\"ImageObject\",\"inLanguage\":\"en-US\",\"@id\":\"https:\/\/www.mapletree.com.sg\/vn\/our-leadership\/#primaryimage\",\"url\":\"https:\/\/www.mapletree.com.sg\/tachyon\/2025\/02\/hero-25.png\",\"contentUrl\":\"https:\/\/www.mapletree.com.sg\/tachyon\/2025\/02\/hero-25.png\"},{\"@type\":\"BreadcrumbList\",\"@id\":\"https:\/\/www.mapletree.com.sg\/vn\/our-leadership\/#breadcrumb\",\"itemListElement\":[{\"@type\":\"ListItem\",\"position\":1,\"name\":\"Home\",\"item\":\"https:\/\/www.mapletree.com.sg\/vn\/\"},{\"@type\":\"ListItem\",\"position\":2,\"name\":\"Leadership\"}]},{\"@type\":\"WebSite\",\"@id\":\"https:\/\/mapletree-stag.altis.cloud\/vn\/#website\",\"url\":\"https:\/\/mapletree-stag.altis.cloud\/vn\/\",\"name\":\"MIPL Vietnam\",\"description\":\"\",\"potentialAction\":[{\"@type\":\"SearchAction\",\"target\":{\"@type\":\"EntryPoint\",\"urlTemplate\":\"https:\/\/mapletree-stag.altis.cloud\/vn\/?s={search_term_string}\"},\"query-input\":{\"@type\":\"PropertyValueSpecification\",\"valueRequired\":true,\"valueName\":\"search_term_string\"}}],\"inLanguage\":\"en-US\"}]}<\/script>\n<!-- \/ Yoast SEO plugin. -->","yoast_head_json":{"title":"Leadership - MIPL Vietnam","robots":{"index":"index","follow":"follow","max-snippet":"max-snippet:-1","max-image-preview":"max-image-preview:large","max-video-preview":"max-video-preview:-1"},"canonical":"https:\/\/www.mapletree.com.sg\/vn\/our-leadership\/","og_locale":"en_US","og_type":"article","og_title":"Leadership - MIPL Vietnam","og_url":"https:\/\/www.mapletree.com.sg\/vn\/our-leadership\/","og_site_name":"MIPL Vietnam","article_modified_time":"2025-08-04T07:12:31+00:00","og_image":[{"url":"https:\/\/www.mapletree.com.sg\/tachyon\/2025\/02\/hero-25.png","type":"","width":"","height":""}],"twitter_card":"summary_large_image","twitter_misc":{"Est. reading time":"1 minute"},"schema":{"@context":"https:\/\/schema.org","@graph":[{"@type":"WebPage","@id":"https:\/\/www.mapletree.com.sg\/vn\/our-leadership\/","url":"https:\/\/www.mapletree.com.sg\/vn\/our-leadership\/","name":"Leadership - MIPL Vietnam","isPartOf":{"@id":"https:\/\/mapletree-stag.altis.cloud\/vn\/#website"},"primaryImageOfPage":{"@id":"https:\/\/www.mapletree.com.sg\/vn\/our-leadership\/#primaryimage"},"image":{"@id":"https:\/\/www.mapletree.com.sg\/vn\/our-leadership\/#primaryimage"},"thumbnailUrl":"https:\/\/www.mapletree.com.sg\/tachyon\/2025\/02\/hero-25.png","datePublished":"2025-01-10T05:11:20+00:00","dateModified":"2025-08-04T07:12:31+00:00","breadcrumb":{"@id":"https:\/\/www.mapletree.com.sg\/vn\/our-leadership\/#breadcrumb"},"inLanguage":"en-US","potentialAction":[{"@type":"ReadAction","target":["https:\/\/www.mapletree.com.sg\/vn\/our-leadership\/"]}]},{"@type":"ImageObject","inLanguage":"en-US","@id":"https:\/\/www.mapletree.com.sg\/vn\/our-leadership\/#primaryimage","url":"https:\/\/www.mapletree.com.sg\/tachyon\/2025\/02\/hero-25.png","contentUrl":"https:\/\/www.mapletree.com.sg\/tachyon\/2025\/02\/hero-25.png"},{"@type":"BreadcrumbList","@id":"https:\/\/www.mapletree.com.sg\/vn\/our-leadership\/#breadcrumb","itemListElement":[{"@type":"ListItem","position":1,"name":"Home","item":"https:\/\/www.mapletree.com.sg\/vn\/"},{"@type":"ListItem","position":2,"name":"Leadership"}]},{"@type":"WebSite","@id":"https:\/\/mapletree-stag.altis.cloud\/vn\/#website","url":"https:\/\/mapletree-stag.altis.cloud\/vn\/","name":"MIPL Vietnam","description":"","potentialAction":[{"@type":"SearchAction","target":{"@type":"EntryPoint","urlTemplate":"https:\/\/mapletree-stag.altis.cloud\/vn\/?s={search_term_string}"},"query-input":{"@type":"PropertyValueSpecification","valueRequired":true,"valueName":"search_term_string"}}],"inLanguage":"en-US"}]}},"mfb_rest_fields":["title","pp_statuses_selecting_workflow","pp_workflow_action","pp_status_selection","yoast_head","yoast_head_json"],"_links":{"self":[{"href":"https:\/\/www.mapletree.com.sg\/vn\/wp-json\/wp\/v2\/pages\/6299","targetHints":{"allow":["GET"]}}],"collection":[{"href":"https:\/\/www.mapletree.com.sg\/vn\/wp-json\/wp\/v2\/pages"}],"about":[{"href":"https:\/\/www.mapletree.com.sg\/vn\/wp-json\/wp\/v2\/types\/page"}],"author":[{"embeddable":true,"href":"https:\/\/www.mapletree.com.sg\/vn\/wp-json\/wp\/v2\/users\/12"}],"replies":[{"embeddable":true,"href":"https:\/\/www.mapletree.com.sg\/vn\/wp-json\/wp\/v2\/comments?post=6299"}],"version-history":[{"count":96,"href":"https:\/\/www.mapletree.com.sg\/vn\/wp-json\/wp\/v2\/pages\/6299\/revisions"}],"predecessor-version":[{"id":25010,"href":"https:\/\/www.mapletree.com.sg\/vn\/wp-json\/wp\/v2\/pages\/6299\/revisions\/25010"}],"wp:attachment":[{"href":"https:\/\/www.mapletree.com.sg\/vn\/wp-json\/wp\/v2\/media?parent=6299"}],"curies":[{"name":"wp","href":"https:\/\/api.w.org\/{rel}","templated":true}]}}