{"id":12113,"date":"2025-02-07T03:52:01","date_gmt":"2025-02-07T03:52:01","guid":{"rendered":"urn:uuid:4afe51ed-6344-469b-a979-2bdb1cf823e3"},"modified":"2025-06-15T08:02:09","modified_gmt":"2025-06-15T08:02:09","slug":"terms-of-use","status":"publish","type":"page","link":"https:\/\/www.mapletree.com.sg\/vn\/terms-of-use\/","title":{"rendered":"Terms of Use"},"content":{"rendered":"\n<div class=\"wp-block-group uk-container has-global-padding is-content-justification-center is-layout-constrained wp-container-core-group-is-layout-783307d7 wp-block-group-is-layout-constrained\" style=\"padding-right:0px;padding-left:0px\">\n<div class=\"wp-block-group alignfull has-global-padding is-layout-constrained wp-container-core-group-is-layout-4bc54592 wp-block-group-is-layout-constrained\" style=\"padding-right:100px;padding-left:100px\">\n<div class=\"wp-block-group alignfull is-vertical is-content-justification-center is-layout-flex wp-container-core-group-is-layout-ce155fab wp-block-group-is-layout-flex\">\n<div class=\"wp-block-group mt-full-width has-global-padding is-layout-constrained wp-container-core-group-is-layout-aba9ee7c wp-block-group-is-layout-constrained\" style=\"padding-right:0px;padding-left:0px\">\n<div class=\"wp-block-group alignwide mt-mobile-padding has-global-padding is-layout-constrained wp-container-core-group-is-layout-b8da494c wp-block-group-is-layout-constrained\" style=\"padding-top:50px;padding-right:100px;padding-bottom:50px;padding-left:100px\">\n<div class=\"wp-block-group has-global-padding is-content-justification-center is-layout-constrained wp-container-core-group-is-layout-80075642 wp-block-group-is-layout-constrained has-background\" style=\"border-radius:20px;min-height:330px;background-image:url(&#039;https:\/\/www.mapletree.com.sg\/tachyon\/2025\/02\/IMG_1654-1-scaled.jpg&#039;);background-position:55.00000000000001% 8%;background-size:cover;\"><\/div>\n<\/div>\n<\/div>\n\n\n\n<div class=\"wp-block-group mt-full-wdith basic-page-content mt-mobile-padding has-global-padding is-layout-constrained wp-container-core-group-is-layout-d0892684 wp-block-group-is-layout-constrained\" style=\"padding-right:100px;padding-bottom:80px;padding-left:100px\">\n<p class=\"has-custom-mapletree-burnt-sienna-color has-text-color has-link-color wp-elements-b9d91415468cf9c75011817341604d2f\" style=\"font-size:25px\">\u0110i\u1ec1u kho\u1ea3n s\u1eed d\u1ee5ng<\/p>\n\n\n\n<p class=\"has-custom-mapletree-black-color has-text-color has-link-color wp-elements-34c0fd5baec61335afd9f7bf1754d39f\"><strong>Vui l\u00f2ng \u0111\u1ecdc k\u1ef9 c\u00e1c \u0111i\u1ec1u kho\u1ea3n v\u00e0 \u0111i\u1ec1u ki\u1ec7n sau. B\u1eb1ng vi\u1ec7c s\u1eed d\u1ee5ng website n\u00e0y, b\u1ea1n cam k\u1ebft \u0111\u00e3 \u0111\u1ecdc v\u00e0 ch\u1ea5p thu\u1eadn c\u00e1c \u0111i\u1ec1u kho\u1ea3n v\u00e0 \u0111i\u1ec1u ki\u1ec7n. N\u1ebfu b\u1ea1n kh\u00f4ng ch\u1ea5p thu\u1eadn, vui l\u00f2ng kh\u00f4ng truy nh\u1eadp s\u1eed d\u1ee5ng website n\u00e0y.<\/strong><\/p>\n\n\n\n<ol style=\"padding-top:0;padding-right:0;padding-bottom:0;padding-left:30px\" class=\"wp-block-list\">\n<li style=\"padding-top:0;padding-bottom:20px;font-size:14px;line-height:1.2\">Website n\u00e0y v\u00e0 n\u1ed9i dung \u0111\u01b0\u1ee3c \u0111\u0103ng t\u1ea3i (\u201c<strong>website<\/strong>\u201d) thu\u1ed9c quy\u1ec1n s\u1edf h\u1eefu c\u1ee7a Mapletree Investment Pte Ltd, c\u00e1c c\u00f4ng ty con v\u00e0 c\u00f4ng ty li\u00ean quan (\u201c<strong>Mapletree<\/strong>\u201d). Mapletree b\u1ea3o l\u01b0u quy\u1ec1n thay \u0111\u1ed5i c\u00e1c \u0111i\u1ec1u kho\u1ea3n v\u00e0 \u0111i\u1ec1u ki\u1ec7n n\u00e0y v\u00e0o b\u1ea5t c\u1ee9 l\u00fac n\u00e0o m\u00e0 kh\u00f4ng b\u00e1o tr\u01b0\u1edbc. Vi\u1ec7c b\u1ea1n ti\u1ebfp t\u1ee5c s\u1eed d\u1ee5ng website sau khi s\u1eeda \u0111\u1ed5i s\u1ebd \u0111\u1ed3ng ngh\u0129a v\u1edbi vi\u1ec7c b\u1ea1n \u0111\u1ed3ng \u00fd v\u1edbi c\u00e1c \u0111i\u1ec1u kho\u1ea3n v\u00e0 \u0111i\u1ec1u ki\u1ec7n s\u1eeda \u0111\u1ed5i \u0111\u00f3.<\/li>\n\n\n\n<li style=\"padding-bottom:20px;font-size:14px;line-height:1.2\">B\u1ea3n quy\u1ec1n n\u1ed9i dung c\u1ee7a Website (bao g\u1ed3m nh\u01b0ng kh\u00f4ng h\u1ea1n ch\u1ebf \u1edf v\u0103n b\u1ea3n, h\u00ecnh \u1ea3nh, \u0111\u01b0\u1eddng d\u1eabn v\u00e0 \u00e2m thanh) do Mapletree v\u00e0\/ho\u1eb7c c\u00e1c c\u00f4ng ty \u0111\u1ea1i di\u1ec7n ho\u1eb7c c\u00e1c c\u00f4ng ty t\u01b0 v\u1ea5n chuy\u00ean nghi\u1ec7p c\u1ee7a Mapletree s\u1edf h\u1eefu. B\u1ea1n kh\u00f4ng \u0111\u01b0\u1ee3c sao ch\u00e9p b\u1ea5t k\u1ef3 n\u1ed9i dung n\u00e0o t\u1eeb website d\u01b0\u1edbi b\u1ea5t k\u1ef3 h\u00ecnh th\u1ee9c n\u00e0o m\u00e0 kh\u00f4ng c\u00f3 s\u1ef1 cho ph\u00e9p c\u1ee7a Mapletree.<\/li>\n\n\n\n<li style=\"padding-bottom:20px;font-size:14px;line-height:1.2\">V\u00e0i th\u00f4ng tin trong website c\u00f3 th\u1ec3 ch\u1ee9a c\u00e1c d\u1ef1 \u0111o\u00e1n ho\u1eb7c c\u00e1c th\u00f4ng tin d\u1ef1 b\u00e1o cho c\u00e1c s\u1ef1 ki\u1ec7n trong t\u01b0\u01a1ng lai ho\u1eb7c ho\u1ea1t \u0111\u1ed9ng t\u00e0i ch\u00ednh trong t\u01b0\u01a1ng l\u1ea1i c\u1ee7a c\u00e1c n\u01b0\u1edbc, c\u00e1c t\u00e0i s\u1ea3n, c\u00e1c th\u1ecb tr\u01b0\u1eddng ho\u1eb7c c\u00e1c c\u00f4ng ty. Nh\u1eefng th\u00f4ng tin n\u00e0y ch\u1ec9 mang \u00fd ngh\u0129a d\u1ef1 \u0111o\u00e1n v\u00e0 th\u1ef1c t\u1ebf ho\u1eb7c k\u1ebft qu\u1ea3 c\u00f3 th\u1ec3 kh\u00e1c. T\u01b0\u01a1ng t\u1ef1, b\u1ea5t k\u1ef3 m\u1ed9t s\u1ed1 li\u1ec7u n\u00e0o trong qu\u00e1 kh\u1ee9 kh\u00f4ng nh\u1ea5t thi\u1ebft ph\u1ea3n \u00e1nh k\u1ebft qu\u1ea3 trong t\u01b0\u01a1ng lai. Kh\u00f4ng c\u00f3 n\u1ed9i dung n\u00e0o trong website l\u00e0 l\u1eddi khuy\u00ean, l\u1eddi m\u1eddi hay khuy\u1ebfn ngh\u1ecb c\u1ee7a Mapletree \u0111\u01b0a ra. Mapletree kh\u00f4ng ch\u1ecbu tr\u00e1ch nhi\u1ec7m v\u00e0 s\u1ebd kh\u00f4ng ch\u1ecbu tr\u00e1ch nhi\u1ec7m cho b\u1ea5t k\u1ef3 m\u1ed9t l\u1ed7i sai hay thi\u1ebfu s\u00f3t n\u00e0o trong website, ho\u1eb7c b\u1ea5t k\u1ef3 m\u1ed9t t\u1ed5n th\u1ea5t n\u00e0o (bao g\u1ed3m nh\u01b0ng kh\u00f4ng h\u1ea1n ch\u1ebf \u1edf kh\u1ea3 n\u0103ng thi\u1ec7t h\u1ea1i v\u1ec1 s\u1eed d\u1ee5ng, th\u00f4ng tin hay l\u1ee3i nhu\u1eadn).<\/li>\n\n\n\n<li style=\"padding-bottom:20px;font-size:14px;line-height:1.2\">Mapletree kh\u00f4ng cam k\u1ebft tr\u00e1ch nhi\u1ec7m hay \u0111\u1ea1i di\u1ec7n cho b\u1ea5t k\u1ef3 m\u1ed9t n\u1ed9i dung n\u00e0o, d\u00f9 r\u00f5 r\u00e0ng hay \u00e1m ch\u1ec9, li\u00ean quan \u0111\u1ebfn s\u1ef1 ph\u00f9 h\u1ee3p, \u0111\u00fang h\u1ea1n, ch\u00ednh x\u00e1c, \u0111\u00e1ng tin c\u1eady, t\u00ednh \u0111\u00fang \u0111\u1eafn, t\u00ednh ho\u00e0n thi\u1ec7n\u2026 c\u1ee7a n\u1ed9i dung website hay k\u1ebft qu\u1ea3 c\u1ee7a vi\u1ec7c s\u1eed d\u1ee5ng website v\u00ec b\u1ea5t k\u1ef3 m\u1ee5c \u0111\u00edch n\u00e0o. Mapletree kh\u00f4ng cam k\u1ebft tr\u00e1ch nhi\u1ec7m v\u1ec1 vi\u1ec7c website hay m\u00e1y ch\u1ee7 kh\u00f4ng b\u1ecb nhi\u1ec5m virus hay c\u00e1c y\u1ebfu t\u1ed1 g\u00e2y h\u1ea1i kh\u00e1c.<\/li>\n\n\n\n<li style=\"padding-bottom:20px;font-size:14px;line-height:1.2\">B\u1ea1n \u0111\u1ed3ng \u00fd r\u1eb1ng b\u1ea1n s\u1ebd s\u1eed d\u1ee5ng website m\u1ed9t c\u00e1ch h\u1ee3p ph\u00e1p v\u00e0 cho m\u1ee5c \u0111\u00edch ph\u00f9 h\u1ee3p v\u00e0 s\u1ebd kh\u00f4ng s\u1eed d\u1ee5ng b\u1ea5t k\u1ef3 m\u1ed9t robot hay chip \u0111i\u1ec7n t\u1eed n\u00e0o, v\u00e0\/ ho\u1eb7c \u0111i\u1ec1u ch\u1ec9nh ho\u1eb7c sao ch\u00e9p b\u1ea5t k\u1ef3 trang n\u00e0o trong website m\u00e0 kh\u00f4ng c\u00f3 s\u1ef1 \u0111\u1ed3ng \u00fd b\u1eb1ng v\u0103n b\u1ea3n c\u1ee7a Mapeltree ho\u1eb7c th\u1ef1c hi\u1ec7n b\u1ea5t k\u1ef3 h\u00e0nh \u0111\u1ed9ng n\u00e0o t\u1ea1o ra dung l\u01b0\u1ee3ng l\u1edbn b\u1ea5t h\u1ee3p l\u00fd tr\u00ean website ho\u1eb7c c\u01a1 s\u1edf h\u1ea1 t\u1ea7ng li\u00ean quan (bao g\u1ed3m b\u1ea5t k\u1ef3 m\u00e1y t\u00ednh n\u00e0o \u0111ang h\u1ed7 tr\u1ee3 cho website).<\/li>\n\n\n\n<li style=\"padding-bottom:20px;font-size:14px;line-height:1.2\">B\u1ea5t k\u1ef3 s\u1ef1 vi ph\u1ea1m n\u00e0o c\u1ee7a h\u1ec7 th\u1ed1ng ho\u1eb7c h\u1ec7 th\u1ed1ng an ninh ho\u1eb7c b\u1ea5t k\u1ef3 \u0111i\u1ec1u ki\u1ec7n v\u00e0 \u0111i\u1ec1u kho\u1ea3n n\u00e0o c\u0169ng d\u1eabn \u0111\u1ebfn tr\u00e1ch nhi\u1ec7m d\u00e2n s\u1ef1 ho\u1eb7c h\u00ecnh s\u1ef1 ho\u1eb7c c\u1ea3 hai. Mapletree s\u1ebd \u0111i\u1ec1u tra b\u1ea5t k\u1ef3 d\u1ea5u hi\u1ec7u n\u00e0o t\u01b0\u01a1ng t\u1ef1 v\u00e0 s\u1ebd th\u00f4ng b\u00e1o v\u00e0 h\u1ee3p t\u00e1c v\u1edbi c\u01a1 quan thi h\u00e0nh lu\u1eadt v\u1ec1 s\u1ef1 x\u00e2m ph\u1ea1m n\u00e0y, c\u0169ng nh\u01b0 s\u1ebd theo \u0111u\u1ed5i m\u1ecdi bi\u1ec7n ph\u00e1p ng\u0103n ch\u1eb7n theo ph\u00e1p lu\u1eadt v\u00e0 trong kh\u1ea3 n\u0103ng cho ph\u00e9p.<\/li>\n\n\n\n<li style=\"padding-bottom:20px;font-size:14px;line-height:1.2\">B\u1ea1n c\u00f3 th\u1ec3, v\u00e0o b\u1ea5t k\u1ef3 th\u1eddi \u0111i\u1ec3m n\u00e0o, l\u1ef1a ch\u1ecdn nh\u1eadn c\u00e1c c\u1eadp nh\u1eadt b\u1eb1ng c\u00e1ch g\u1eedi email cho Mapletree. Mapletree s\u1ebd chia s\u1ebb th\u00f4ng tin c\u00e1 nh\u00e2n c\u1ee7a b\u1ea1n v\u1edbi c\u00e1c c\u00f4ng ty li\u00ean quan c\u1ee7a Mapletree ho\u1eb7c c\u00e1c c\u00f4ng ty \u0111\u1ea1i di\u1ec7n, v\u00e0 Mapletree c\u00f3 th\u1ec3 ti\u1ebft l\u1ed9 th\u00f4ng tin n\u00e0y khi th\u1ea5y c\u1ea7n thi\u1ebft ho\u1eb7c khi \u0111\u01b0\u1ee3c lu\u1eadt ph\u00e1p y\u00eau c\u1ea7u.<\/li>\n\n\n\n<li style=\"padding-bottom:20px;font-size:14px;line-height:1.2\">Website n\u00e0y s\u1eed d\u1ee5ng c\u00e1c cookies \u0111\u1ec3 \u0111i\u1ec1u h\u00e0nh tr\u00ecnh duy\u1ec7t v\u00e0 thu th\u1ea5p th\u00f4ng tin v\u1edbi m\u1ee5c \u0111\u00edch th\u1ed1ng k\u00ea \u0111\u1ec3 n\u00e2ng cao ch\u1ea5t l\u01b0\u1ee3ng n\u1ed9i dung. B\u1ea1n c\u00f3 th\u1ec3 v\u00f4 hi\u1ec7u h\u00f3a cookies b\u1eb1ng c\u00e1c thay \u0111\u1ed5i c\u1ea5u h\u00ecnh c\u1ee7a tr\u00ecnh duy\u1ec7t.<\/li>\n\n\n\n<li style=\"padding-bottom:20px;font-size:14px;line-height:1.2\">Website n\u00e0y c\u00f3 th\u1ec3 ch\u1ee9a c\u00e1c \u0111\u01b0\u1eddng d\u1eabn t\u1edbi c\u00e1c trang web kh\u00e1c c\u00f3 ch\u00ednh s\u00e1ch b\u1ea3o m\u1eadt kh\u00e1c v\u1edbi Mapletree. Mapletree kh\u00f4ng ch\u1ecbu tr\u00e1ch nhi\u1ec7m v\u1ec1 n\u1ed9i dung v\u00e0 ch\u00ednh s\u00e1ch b\u1ea3o m\u1eadt c\u1ee7a c\u00e1c trang web \u0111\u00f3.<\/li>\n\n\n\n<li style=\"padding-bottom:20px;font-size:14px;line-height:1.2\">C\u00e1c \u0111i\u1ec1u kho\u1ea3n v\u00e0 \u0111i\u1ec1u ki\u1ec7n n\u00e0y \u0111\u01b0\u1ee3c ch\u1ec9nh v\u00e0 \u0111\u01b0\u1ee3c hi\u1ec3u theo lu\u1eadt c\u1ee7a CH Singapore, v\u00e0 b\u1ea1n sau \u0111\u00e2y \u0111\u1ed3ng \u00fd tu\u00e2n theo quy\u1ec1n t\u00e0i ph\u00e1n c\u1ee7a T\u00f2a \u00e1n Singapore.<\/li>\n<\/ol>\n<\/div>\n<\/div>\n<\/div>\n<\/div>\n","protected":false},"excerpt":{"rendered":"<p>\u0110i\u1ec1u kho\u1ea3n s\u1eed d\u1ee5ng Vui l\u00f2ng \u0111\u1ecdc k\u1ef9 c\u00e1c \u0111i\u1ec1u kho\u1ea3n v\u00e0 \u0111i\u1ec1u ki\u1ec7n sau. B\u1eb1ng vi\u1ec7c s\u1eed d\u1ee5ng website n\u00e0y, b\u1ea1n cam k\u1ebft \u0111\u00e3 \u0111\u1ecdc v\u00e0 ch\u1ea5p thu\u1eadn c\u00e1c \u0111i\u1ec1u kho\u1ea3n v\u00e0 \u0111i\u1ec1u ki\u1ec7n. N\u1ebfu b\u1ea1n kh\u00f4ng ch\u1ea5p thu\u1eadn, vui l\u00f2ng kh\u00f4ng truy nh\u1eadp s\u1eed d\u1ee5ng website n\u00e0y.<\/p>\n","protected":false},"author":14,"featured_media":0,"parent":0,"menu_order":0,"comment_status":"closed","ping_status":"closed","template":"","meta":{"_acf_changed":false,"_trash_the_other_posts":false,"ep_exclude_from_search":false,"editor_notices":[],"footnotes":""},"class_list":["post-12113","page","type-page","status-publish","hentry"],"pp_statuses_selecting_workflow":false,"pp_workflow_action":"current","pp_status_selection":"publish","acf":[],"mb":[],"yoast_head":"<!-- This site is optimized with the Yoast SEO plugin v27.0 - https:\/\/yoast.com\/product\/yoast-seo-wordpress\/ -->\n<title>Terms of Use - MIPL Vietnam<\/title>\n<meta name=\"robots\" content=\"index, follow, max-snippet:-1, max-image-preview:large, max-video-preview:-1\" \/>\n<link rel=\"canonical\" href=\"https:\/\/mapletree-stag.altis.cloud\/vn\/terms-of-use\/\" \/>\n<meta property=\"og:locale\" content=\"en_US\" \/>\n<meta property=\"og:type\" content=\"article\" \/>\n<meta property=\"og:title\" content=\"Terms of Use - MIPL Vietnam\" \/>\n<meta property=\"og:description\" content=\"\u0110i\u1ec1u kho\u1ea3n s\u1eed d\u1ee5ng Vui l\u00f2ng \u0111\u1ecdc k\u1ef9 c\u00e1c \u0111i\u1ec1u kho\u1ea3n v\u00e0 \u0111i\u1ec1u ki\u1ec7n sau. B\u1eb1ng vi\u1ec7c s\u1eed d\u1ee5ng website n\u00e0y, b\u1ea1n cam k\u1ebft \u0111\u00e3 \u0111\u1ecdc v\u00e0 ch\u1ea5p thu\u1eadn c\u00e1c \u0111i\u1ec1u kho\u1ea3n v\u00e0 \u0111i\u1ec1u ki\u1ec7n. N\u1ebfu b\u1ea1n kh\u00f4ng ch\u1ea5p thu\u1eadn, vui l\u00f2ng kh\u00f4ng truy nh\u1eadp s\u1eed d\u1ee5ng website n\u00e0y.\" \/>\n<meta property=\"og:url\" content=\"https:\/\/mapletree-stag.altis.cloud\/vn\/terms-of-use\/\" \/>\n<meta property=\"og:site_name\" content=\"MIPL Vietnam\" \/>\n<meta property=\"article:modified_time\" content=\"2025-06-15T08:02:09+00:00\" \/>\n<meta name=\"twitter:card\" content=\"summary_large_image\" \/>\n<meta name=\"twitter:label1\" content=\"Est. reading time\" \/>\n\t<meta name=\"twitter:data1\" content=\"4 minutes\" \/>\n<script type=\"application\/ld+json\" class=\"yoast-schema-graph\">{\"@context\":\"https:\/\/schema.org\",\"@graph\":[{\"@type\":\"WebPage\",\"@id\":\"https:\/\/mapletree-stag.altis.cloud\/vn\/terms-of-use\/\",\"url\":\"https:\/\/mapletree-stag.altis.cloud\/vn\/terms-of-use\/\",\"name\":\"Terms of Use - MIPL Vietnam\",\"isPartOf\":{\"@id\":\"https:\/\/mapletree-stag.altis.cloud\/vn\/#website\"},\"datePublished\":\"2025-02-07T03:52:01+00:00\",\"dateModified\":\"2025-06-15T08:02:09+00:00\",\"breadcrumb\":{\"@id\":\"https:\/\/mapletree-stag.altis.cloud\/vn\/terms-of-use\/#breadcrumb\"},\"inLanguage\":\"en-US\",\"potentialAction\":[{\"@type\":\"ReadAction\",\"target\":[\"https:\/\/mapletree-stag.altis.cloud\/vn\/terms-of-use\/\"]}]},{\"@type\":\"BreadcrumbList\",\"@id\":\"https:\/\/mapletree-stag.altis.cloud\/vn\/terms-of-use\/#breadcrumb\",\"itemListElement\":[{\"@type\":\"ListItem\",\"position\":1,\"name\":\"Home\",\"item\":\"https:\/\/www.mapletree.com.sg\/vn\/\"},{\"@type\":\"ListItem\",\"position\":2,\"name\":\"Terms of Use\"}]},{\"@type\":\"WebSite\",\"@id\":\"https:\/\/mapletree-stag.altis.cloud\/vn\/#website\",\"url\":\"https:\/\/mapletree-stag.altis.cloud\/vn\/\",\"name\":\"MIPL Vietnam\",\"description\":\"\",\"potentialAction\":[{\"@type\":\"SearchAction\",\"target\":{\"@type\":\"EntryPoint\",\"urlTemplate\":\"https:\/\/mapletree-stag.altis.cloud\/vn\/?s={search_term_string}\"},\"query-input\":{\"@type\":\"PropertyValueSpecification\",\"valueRequired\":true,\"valueName\":\"search_term_string\"}}],\"inLanguage\":\"en-US\"}]}<\/script>\n<!-- \/ Yoast SEO plugin. -->","yoast_head_json":{"title":"Terms of Use - MIPL Vietnam","robots":{"index":"index","follow":"follow","max-snippet":"max-snippet:-1","max-image-preview":"max-image-preview:large","max-video-preview":"max-video-preview:-1"},"canonical":"https:\/\/mapletree-stag.altis.cloud\/vn\/terms-of-use\/","og_locale":"en_US","og_type":"article","og_title":"Terms of Use - MIPL Vietnam","og_description":"\u0110i\u1ec1u kho\u1ea3n s\u1eed d\u1ee5ng Vui l\u00f2ng \u0111\u1ecdc k\u1ef9 c\u00e1c \u0111i\u1ec1u kho\u1ea3n v\u00e0 \u0111i\u1ec1u ki\u1ec7n sau. B\u1eb1ng vi\u1ec7c s\u1eed d\u1ee5ng website n\u00e0y, b\u1ea1n cam k\u1ebft \u0111\u00e3 \u0111\u1ecdc v\u00e0 ch\u1ea5p thu\u1eadn c\u00e1c \u0111i\u1ec1u kho\u1ea3n v\u00e0 \u0111i\u1ec1u ki\u1ec7n. N\u1ebfu b\u1ea1n kh\u00f4ng ch\u1ea5p thu\u1eadn, vui l\u00f2ng kh\u00f4ng truy nh\u1eadp s\u1eed d\u1ee5ng website n\u00e0y.","og_url":"https:\/\/mapletree-stag.altis.cloud\/vn\/terms-of-use\/","og_site_name":"MIPL Vietnam","article_modified_time":"2025-06-15T08:02:09+00:00","twitter_card":"summary_large_image","twitter_misc":{"Est. reading time":"4 minutes"},"schema":{"@context":"https:\/\/schema.org","@graph":[{"@type":"WebPage","@id":"https:\/\/mapletree-stag.altis.cloud\/vn\/terms-of-use\/","url":"https:\/\/mapletree-stag.altis.cloud\/vn\/terms-of-use\/","name":"Terms of Use - MIPL Vietnam","isPartOf":{"@id":"https:\/\/mapletree-stag.altis.cloud\/vn\/#website"},"datePublished":"2025-02-07T03:52:01+00:00","dateModified":"2025-06-15T08:02:09+00:00","breadcrumb":{"@id":"https:\/\/mapletree-stag.altis.cloud\/vn\/terms-of-use\/#breadcrumb"},"inLanguage":"en-US","potentialAction":[{"@type":"ReadAction","target":["https:\/\/mapletree-stag.altis.cloud\/vn\/terms-of-use\/"]}]},{"@type":"BreadcrumbList","@id":"https:\/\/mapletree-stag.altis.cloud\/vn\/terms-of-use\/#breadcrumb","itemListElement":[{"@type":"ListItem","position":1,"name":"Home","item":"https:\/\/www.mapletree.com.sg\/vn\/"},{"@type":"ListItem","position":2,"name":"Terms of Use"}]},{"@type":"WebSite","@id":"https:\/\/mapletree-stag.altis.cloud\/vn\/#website","url":"https:\/\/mapletree-stag.altis.cloud\/vn\/","name":"MIPL Vietnam","description":"","potentialAction":[{"@type":"SearchAction","target":{"@type":"EntryPoint","urlTemplate":"https:\/\/mapletree-stag.altis.cloud\/vn\/?s={search_term_string}"},"query-input":{"@type":"PropertyValueSpecification","valueRequired":true,"valueName":"search_term_string"}}],"inLanguage":"en-US"}]}},"mfb_rest_fields":["title","pp_statuses_selecting_workflow","pp_workflow_action","pp_status_selection","yoast_head","yoast_head_json"],"_links":{"self":[{"href":"https:\/\/www.mapletree.com.sg\/vn\/wp-json\/wp\/v2\/pages\/12113","targetHints":{"allow":["GET"]}}],"collection":[{"href":"https:\/\/www.mapletree.com.sg\/vn\/wp-json\/wp\/v2\/pages"}],"about":[{"href":"https:\/\/www.mapletree.com.sg\/vn\/wp-json\/wp\/v2\/types\/page"}],"author":[{"embeddable":true,"href":"https:\/\/www.mapletree.com.sg\/vn\/wp-json\/wp\/v2\/users\/14"}],"replies":[{"embeddable":true,"href":"https:\/\/www.mapletree.com.sg\/vn\/wp-json\/wp\/v2\/comments?post=12113"}],"version-history":[{"count":21,"href":"https:\/\/www.mapletree.com.sg\/vn\/wp-json\/wp\/v2\/pages\/12113\/revisions"}],"predecessor-version":[{"id":23805,"href":"https:\/\/www.mapletree.com.sg\/vn\/wp-json\/wp\/v2\/pages\/12113\/revisions\/23805"}],"wp:attachment":[{"href":"https:\/\/www.mapletree.com.sg\/vn\/wp-json\/wp\/v2\/media?parent=12113"}],"curies":[{"name":"wp","href":"https:\/\/api.w.org\/{rel}","templated":true}]}}